{"id":15453,"date":"2016-11-18T02:24:06","date_gmt":"2016-11-18T02:24:06","guid":{"rendered":"http:\/\/establecimientomic.com.ar\/site\/?page_id=15453"},"modified":"2024-07-05T20:43:52","modified_gmt":"2024-07-05T20:43:52","slug":"politica-de-calidad","status":"publish","type":"page","link":"https:\/\/establecimientomic.com.ar\/site\/politica-de-calidad\/","title":{"rendered":"Pol\u00edtica de Calidad"},"content":{"rendered":"<p>[vc_row row_type=\u00bbrow\u00bb use_row_as_full_screen_section=\u00bbno\u00bb type=\u00bbfull_width\u00bb angled_section=\u00bbno\u00bb text_align=\u00bbleft\u00bb background_image_as_pattern=\u00bbwithout_pattern\u00bb css_animation=\u00bb\u00bb][vc_column width=\u00bb1\/6&#8243;][\/vc_column][vc_column width=\u00bb4\/6&#8243;][vc_column_text]<strong>Pol\u00edtica de la calidad de MIC REMOLQUES<\/strong><br \/>\nAsegurar que nuestra empresa proporciona productos que cumplen las especificaciones pactadas, satisfaciendo las necesidades y expectativas de nuestros clientes a trav\u00e9s de un Sistema de Gesti\u00f3n de Calidad seg\u00fan Norma ISO 9001 versi\u00f3n 2015.<\/p>\n<p>Para el adecuado logro de los fines mencionados, la direcci\u00f3n de la empresa establece los siguientes enunciados:<\/p>\n<ul>\n<li>Los productos elaborados deben cumplir en su totalidad con las expectativas del cliente, con las especificaciones pactadas sin descuidar en ning\u00fan momento los aspectos econ\u00f3micos, cuidando la atenci\u00f3n al cliente.<\/li>\n<\/ul>\n<ul>\n<li>Trabajar sobre la mejora cont\u00ednua de los productos elaborados, sobre la base del an\u00e1lisis permanente de la informaci\u00f3n proporcionada por los clientes internos y externos por medio de la aplicaci\u00f3n de acciones correctivas y preventivas.<\/li>\n<\/ul>\n<ul>\n<li>Los proveedores, que son nuestros socios en la Calidad, ser\u00e1n calificados y seleccionados de acuerdo a su capacidad de entrega de materias primas y\/o productos acorde con nuestra necesidad de excelencia.<\/li>\n<\/ul>\n<ul>\n<li>A trav\u00e9s de una Capacitaci\u00f3n adecuada del personal, tratar de promover una honesta y participativa actividad, en el logro de un verdadero desempe\u00f1o hacia la calidad y la Seguridad del Personal.<\/li>\n<\/ul>\n<ul>\n<li>Se considera indispensable obtener y mantener un \u00e1mbito laboral que re\u00fana las condiciones necesarias para el favorable desempe\u00f1o de las actividades con seguridad y eficiencia, eliminando todas aquellas situaciones que puedan ser riesgosas para el personal.<\/li>\n<\/ul>\n<p>[\/vc_column_text][\/vc_column][vc_column width=\u00bb1\/6&#8243;][\/vc_column][\/vc_row][vc_row row_type=\u00bbrow\u00bb use_row_as_full_screen_section=\u00bbno\u00bb type=\u00bbfull_width\u00bb angled_section=\u00bbno\u00bb text_align=\u00bbleft\u00bb background_image_as_pattern=\u00bbwithout_pattern\u00bb css_animation=\u00bb\u00bb][vc_column][vc_separator type=\u00bbnormal\u00bb][\/vc_column][\/vc_row]<\/p>\n<style>\/*! elementor - v3.22.0 - 26-06-2024 *\/<br \/>\n.elementor-widget-google_maps .elementor-widget-container{overflow:hidden}.elementor-widget-google_maps .elementor-custom-embed{line-height:0}.elementor-widget-google_maps iframe{height:300px}<\/style>\n<style>\/*! elementor - v3.22.0 - 26-06-2024 *\/<br \/>\n.elementor-heading-title{padding:0;margin:0;line-height:1}.elementor-widget-heading .elementor-heading-title[class*=elementor-size-]>a{color:inherit;font-size:inherit;line-height:inherit}.elementor-widget-heading .elementor-heading-title.elementor-size-small{font-size:15px}.elementor-widget-heading .elementor-heading-title.elementor-size-medium{font-size:19px}.elementor-widget-heading .elementor-heading-title.elementor-size-large{font-size:29px}.elementor-widget-heading .elementor-heading-title.elementor-size-xl{font-size:39px}.elementor-widget-heading .elementor-heading-title.elementor-size-xxl{font-size:59px}<\/style>\n","protected":false},"excerpt":{"rendered":"<p>[vc_row row_type=\u00bbrow\u00bb use_row_as_full_screen_section=\u00bbno\u00bb type=\u00bbfull_width\u00bb angled_section=\u00bbno\u00bb text_align=\u00bbleft\u00bb background_image_as_pattern=\u00bbwithout_pattern\u00bb css_animation=\u00bb\u00bb][vc_column width=\u00bb1\/6&#8243;][\/vc_column][vc_column width=\u00bb4\/6&#8243;][vc_column_text]Pol\u00edtica de la calidad de MIC REMOLQUES Asegurar que nuestra empresa proporciona productos que cumplen las especificaciones pactadas, satisfaciendo las necesidades y expectativas de nuestros clientes a trav\u00e9s de un Sistema de Gesti\u00f3n de Calidad seg\u00fan&#8230;<\/p>\n","protected":false},"author":1,"featured_media":0,"parent":0,"menu_order":0,"comment_status":"closed","ping_status":"closed","template":"","meta":{"_joinchat":[],"footnotes":""},"_links":{"self":[{"href":"https:\/\/establecimientomic.com.ar\/site\/wp-json\/wp\/v2\/pages\/15453"}],"collection":[{"href":"https:\/\/establecimientomic.com.ar\/site\/wp-json\/wp\/v2\/pages"}],"about":[{"href":"https:\/\/establecimientomic.com.ar\/site\/wp-json\/wp\/v2\/types\/page"}],"author":[{"embeddable":true,"href":"https:\/\/establecimientomic.com.ar\/site\/wp-json\/wp\/v2\/users\/1"}],"replies":[{"embeddable":true,"href":"https:\/\/establecimientomic.com.ar\/site\/wp-json\/wp\/v2\/comments?post=15453"}],"version-history":[{"count":18,"href":"https:\/\/establecimientomic.com.ar\/site\/wp-json\/wp\/v2\/pages\/15453\/revisions"}],"predecessor-version":[{"id":16308,"href":"https:\/\/establecimientomic.com.ar\/site\/wp-json\/wp\/v2\/pages\/15453\/revisions\/16308"}],"wp:attachment":[{"href":"https:\/\/establecimientomic.com.ar\/site\/wp-json\/wp\/v2\/media?parent=15453"}],"curies":[{"name":"wp","href":"https:\/\/api.w.org\/{rel}","templated":true}]}}