{"id":15611,"date":"2017-03-10T11:43:59","date_gmt":"2017-03-10T11:43:59","guid":{"rendered":"http:\/\/establecimientomic.com.ar\/site\/?page_id=15611"},"modified":"2022-02-23T20:29:04","modified_gmt":"2022-02-23T20:29:04","slug":"unidades-usadas","status":"publish","type":"page","link":"https:\/\/establecimientomic.com.ar\/site\/unidades-usadas\/","title":{"rendered":"NOVEDADES"},"content":{"rendered":"<p>[vc_row row_type=\u00bbrow\u00bb use_row_as_full_screen_section=\u00bbno\u00bb type=\u00bbfull_width\u00bb angled_section=\u00bbno\u00bb text_align=\u00bbleft\u00bb background_image_as_pattern=\u00bbwithout_pattern\u00bb css_animation=\u00bb\u00bb][vc_column][vc_column_text]<\/p>\n<h3><span style=\"color: #000000;\">\u2022 Nuevas licencias de configuraci\u00f3n de modelo para producir remolques escalables.<\/span><\/h3>\n<h3><span style=\"color: #000000;\"><br \/>\n\u2022 Especialistas en semirremolques sider, espec\u00edficamente para la log\u00edstica de bebidas.<br \/>\n<\/span><\/h3>\n<p>&nbsp;<\/p>\n<h3><span style=\"color: #000000;\">\u2022 Innovaci\u00f3n permanente y busqueda constante de las \u00faltimas tecnolog\u00edas para ser aplicadas a nuestros productos.<br \/>\n<\/span><\/h3>\n<p>&nbsp;<\/p>\n<h3><span style=\"color: #000000;\">\u2022 Stock permanentes de piezas para el mercado de reposici\u00f3n.<strong><br \/>\n<\/strong><\/span><\/h3>\n<p>[\/vc_column_text][vc_empty_space][vc_single_image image=\u00bb16114&#8243; img_size=\u00bbfull\u00bb alignment=\u00bbcenter\u00bb qode_css_animation=\u00bb\u00bb][vc_separator type=\u00bbnormal\u00bb][\/vc_column][\/vc_row]<\/p>\n","protected":false},"excerpt":{"rendered":"<p>[vc_row row_type=\u00bbrow\u00bb use_row_as_full_screen_section=\u00bbno\u00bb type=\u00bbfull_width\u00bb angled_section=\u00bbno\u00bb text_align=\u00bbleft\u00bb background_image_as_pattern=\u00bbwithout_pattern\u00bb css_animation=\u00bb\u00bb][vc_column][vc_column_text] \u2022 Nuevas licencias de configuraci\u00f3n de modelo para producir remolques escalables. \u2022 Especialistas en semirremolques sider, espec\u00edficamente para la log\u00edstica de bebidas. &nbsp; \u2022 Innovaci\u00f3n permanente y busqueda constante de las \u00faltimas tecnolog\u00edas para ser aplicadas a&#8230;<\/p>\n","protected":false},"author":1,"featured_media":0,"parent":0,"menu_order":0,"comment_status":"closed","ping_status":"closed","template":"","meta":{"_joinchat":[],"footnotes":""},"_links":{"self":[{"href":"https:\/\/establecimientomic.com.ar\/site\/wp-json\/wp\/v2\/pages\/15611"}],"collection":[{"href":"https:\/\/establecimientomic.com.ar\/site\/wp-json\/wp\/v2\/pages"}],"about":[{"href":"https:\/\/establecimientomic.com.ar\/site\/wp-json\/wp\/v2\/types\/page"}],"author":[{"embeddable":true,"href":"https:\/\/establecimientomic.com.ar\/site\/wp-json\/wp\/v2\/users\/1"}],"replies":[{"embeddable":true,"href":"https:\/\/establecimientomic.com.ar\/site\/wp-json\/wp\/v2\/comments?post=15611"}],"version-history":[{"count":13,"href":"https:\/\/establecimientomic.com.ar\/site\/wp-json\/wp\/v2\/pages\/15611\/revisions"}],"predecessor-version":[{"id":16309,"href":"https:\/\/establecimientomic.com.ar\/site\/wp-json\/wp\/v2\/pages\/15611\/revisions\/16309"}],"wp:attachment":[{"href":"https:\/\/establecimientomic.com.ar\/site\/wp-json\/wp\/v2\/media?parent=15611"}],"curies":[{"name":"wp","href":"https:\/\/api.w.org\/{rel}","templated":true}]}}